{"id":1920,"date":"2022-05-04T16:24:39","date_gmt":"2022-05-04T16:24:39","guid":{"rendered":"https:\/\/madoquapower2x.com\/politica-de-privacidade\/"},"modified":"2022-06-15T15:03:44","modified_gmt":"2022-06-15T15:03:44","slug":"politica-de-privacidade","status":"publish","type":"page","link":"https:\/\/madoquasynfuels.com\/pt-pt\/politica-de-privacidade\/","title":{"rendered":"Pol\u00edtica de Privacidade"},"content":{"rendered":"\n<h2 class=\"wp-block-heading\">Informa\u00e7\u00e3o geral<\/h2>\n\n<p>A protec\u00e7\u00e3o dos seus dados \u00e9 muito importante para n\u00f3s. \u00c9 por isso que tratamos os seus dados, que nos envia voluntariamente atrav\u00e9s do nosso formul\u00e1rio de contacto, de forma confidencial. Os seus dados s\u00f3 ser\u00e3o utilizados de acordo com o seu pedido e n\u00e3o ser\u00e3o transmitidos a terceiros. Caso nos solicite informa\u00e7\u00f5es, bloqueio ou elimina\u00e7\u00e3o dos seus dados, n\u00f3s cumpriremos, se permitido por lei.<\/p>\n\n<h2 class=\"wp-block-heading\">Cookies<\/h2>\n\n<p>O nosso website utiliza os chamados cookies. Os cookies s\u00e3o pequenos ficheiros que s\u00e3o armazenados no seu portador de dados e melhoram a efici\u00eancia da sua visita ao nosso site. Os cookies n\u00e3o s\u00e3o prejudiciais para o seu portador de dados.<\/p>\n\n<p>A maioria dos cookies, os chamados cookies de sess\u00e3o, s\u00e3o automaticamente eliminados no final da sua visita ao nosso site. O seu objectivo \u00e9 evitar que tenha de repetir as mesmas entradas. Outros cookies n\u00e3o s\u00e3o automaticamente apagados, mas pode apag\u00e1-los voc\u00ea mesmo. O seu objectivo \u00e9 que o reconhe\u00e7amos na sua pr\u00f3xima visita ao nosso site. \u00c9 claro que tamb\u00e9m pode desactivar totalmente os cookies.<br\/><br\/><\/p>\n\n<h2 class=\"wp-block-heading\"><strong>Google Analytics<\/strong><\/h2>\n\n<p>O nosso website utiliza o &#8220;Google Analytics&#8221;, que \u00e9 um servi\u00e7o fornecido pela Google Inc. para analisar a utiliza\u00e7\u00e3o do website. Os cookies enviam informa\u00e7\u00f5es do seu dispositivo para um servidor Google nos EUA, onde s\u00e3o analisadas e armazenadas. \u00c9 poss\u00edvel que o Google transfira esta informa\u00e7\u00e3o para terceiros. Se desejar mais informa\u00e7\u00f5es sobre a recolha de dados pelo Google Analytics, por favor, sinta-se \u00e0 vontade para seguir este link:<br\/>https:\/\/support.google.com\/analytics\/?hl=en#topic=10737980<br\/><br\/><\/p>\n\n<p>Ao instalar o seguinte plugin, pode impedir a recolha e armazenamento dos seus dados atrav\u00e9s de cookies e o envio destes dados para o Google:<br\/>https:\/\/tools.google.com\/dlpage\/gaoptout<\/p>\n\n<h2 class=\"wp-block-heading\">Google Maps<\/h2>\n\n<p>Utilizamos &#8221; Google Maps&#8221; de &#8220;Google Inc&#8221; no nosso s\u00edtio web.<\/p>\n\n<p>Se utilizar o nosso website, consente a recolha, processamento e utiliza\u00e7\u00e3o de dados recolhidos automaticamente pelo Google Inc, seus agentes e terceiros.<\/p>\n\n<p>Aqui pode encontrar os termos de utiliza\u00e7\u00e3o do Google Maps: https:\/\/www.google.com\/help\/terms_maps\/<\/p>\n\n<h2 class=\"wp-block-heading\">Ficheiros de Registo do Servidor<\/h2>\n\n<p>O seu navegador transmite-nos automaticamente informa\u00e7\u00f5es de natureza geral (ficheiros de registo do servidor). Tal informa\u00e7\u00e3o seria, por exemplo:<\/p>\n\n<ul class=\"wp-block-list\"><li>Tipo e vers\u00e3o do navegador<\/li><li>URL de refer\u00eancia<\/li><li>Sistema operativo<\/li><li>Hora do pedido <\/li><li>Endere\u00e7o IP<\/li><\/ul>\n\n<p>N\u00e3o utilizamos os seus dados para tirar quaisquer conclus\u00f5es a seu respeito. O objectivo dos ficheiros de registo do servidor \u00e9 antes o de optimizar o nosso website.<\/p>\n\n<h2 class=\"wp-block-heading\">Contacte-nos<\/h2>\n\n<p>Se tiver quaisquer perguntas ou se desejar informa\u00e7\u00f5es, bloqueio ou elimina\u00e7\u00e3o dos seus dados, pode contactar-nos para o endere\u00e7o mencionado no aviso legal.<\/p>\n","protected":false},"excerpt":{"rendered":"<p>Informa\u00e7\u00e3o geral A protec\u00e7\u00e3o dos seus dados \u00e9 muito importante para n\u00f3s. \u00c9 por isso que tratamos os seus dados, que nos envia voluntariamente atrav\u00e9s do nosso formul\u00e1rio de contacto, de forma confidencial. Os seus dados s\u00f3 ser\u00e3o utilizados de acordo com o seu pedido e n\u00e3o ser\u00e3o transmitidos a terceiros. Caso nos solicite informa\u00e7\u00f5es, [&hellip;]<\/p>\n","protected":false},"author":6,"featured_media":0,"parent":0,"menu_order":0,"comment_status":"closed","ping_status":"open","template":"","meta":{"site-sidebar-layout":"default","site-content-layout":"","ast-site-content-layout":"","site-content-style":"default","site-sidebar-style":"default","ast-global-header-display":"","ast-banner-title-visibility":"","ast-main-header-display":"","ast-hfb-above-header-display":"","ast-hfb-below-header-display":"","ast-hfb-mobile-header-display":"","site-post-title":"","ast-breadcrumbs-content":"","ast-featured-img":"","footer-sml-layout":"","theme-transparent-header-meta":"","adv-header-id-meta":"","stick-header-meta":"","header-above-stick-meta":"","header-main-stick-meta":"","header-below-stick-meta":"","astra-migrate-meta-layouts":"default","ast-page-background-enabled":"default","ast-page-background-meta":{"desktop":{"background-color":"","background-image":"","background-repeat":"repeat","background-position":"center center","background-size":"auto","background-attachment":"scroll","background-type":"","background-media":"","overlay-type":"","overlay-color":"","overlay-gradient":""},"tablet":{"background-color":"","background-image":"","background-repeat":"repeat","background-position":"center center","background-size":"auto","background-attachment":"scroll","background-type":"","background-media":"","overlay-type":"","overlay-color":"","overlay-gradient":""},"mobile":{"background-color":"","background-image":"","background-repeat":"repeat","background-position":"center center","background-size":"auto","background-attachment":"scroll","background-type":"","background-media":"","overlay-type":"","overlay-color":"","overlay-gradient":""}},"ast-content-background-meta":{"desktop":{"background-color":"var(--ast-global-color-5)","background-image":"","background-repeat":"repeat","background-position":"center center","background-size":"auto","background-attachment":"scroll","background-type":"","background-media":"","overlay-type":"","overlay-color":"","overlay-gradient":""},"tablet":{"background-color":"var(--ast-global-color-5)","background-image":"","background-repeat":"repeat","background-position":"center center","background-size":"auto","background-attachment":"scroll","background-type":"","background-media":"","overlay-type":"","overlay-color":"","overlay-gradient":""},"mobile":{"background-color":"var(--ast-global-color-5)","background-image":"","background-repeat":"repeat","background-position":"center center","background-size":"auto","background-attachment":"scroll","background-type":"","background-media":"","overlay-type":"","overlay-color":"","overlay-gradient":""}},"footnotes":""},"class_list":["post-1920","page","type-page","status-publish","hentry"],"yoast_head":"<!-- This site is optimized with the Yoast SEO plugin v22.7 - https:\/\/yoast.com\/wordpress\/plugins\/seo\/ -->\n<title>Pol\u00edtica de Privacidade - Madoqua Synfuels<\/title>\n<meta name=\"robots\" content=\"index, follow, max-snippet:-1, max-image-preview:large, max-video-preview:-1\" \/>\n<link rel=\"canonical\" href=\"https:\/\/madoquasynfuels.com\/pt-pt\/politica-de-privacidade\/\" \/>\n<meta property=\"og:locale\" content=\"pt_PT\" \/>\n<meta property=\"og:type\" content=\"article\" \/>\n<meta property=\"og:title\" content=\"Pol\u00edtica de Privacidade - Madoqua Synfuels\" \/>\n<meta property=\"og:description\" content=\"Informa\u00e7\u00e3o geral A protec\u00e7\u00e3o dos seus dados \u00e9 muito importante para n\u00f3s. \u00c9 por isso que tratamos os seus dados, que nos envia voluntariamente atrav\u00e9s do nosso formul\u00e1rio de contacto, de forma confidencial. Os seus dados s\u00f3 ser\u00e3o utilizados de acordo com o seu pedido e n\u00e3o ser\u00e3o transmitidos a terceiros. Caso nos solicite informa\u00e7\u00f5es, [&hellip;]\" \/>\n<meta property=\"og:url\" content=\"https:\/\/madoquasynfuels.com\/pt-pt\/politica-de-privacidade\/\" \/>\n<meta property=\"og:site_name\" content=\"Madoqua Synfuels\" \/>\n<meta property=\"article:modified_time\" content=\"2022-06-15T15:03:44+00:00\" \/>\n<meta name=\"twitter:card\" content=\"summary_large_image\" \/>\n<meta name=\"twitter:label1\" content=\"Tempo estimado de leitura\" \/>\n\t<meta name=\"twitter:data1\" content=\"2 minutos\" \/>\n<script type=\"application\/ld+json\" class=\"yoast-schema-graph\">{\"@context\":\"https:\/\/schema.org\",\"@graph\":[{\"@type\":\"WebPage\",\"@id\":\"https:\/\/madoquasynfuels.com\/pt-pt\/politica-de-privacidade\/\",\"url\":\"https:\/\/madoquasynfuels.com\/pt-pt\/politica-de-privacidade\/\",\"name\":\"Pol\u00edtica de Privacidade - Madoqua Synfuels\",\"isPartOf\":{\"@id\":\"https:\/\/madoquasynfuels.com\/pt-pt\/#website\"},\"datePublished\":\"2022-05-04T16:24:39+00:00\",\"dateModified\":\"2022-06-15T15:03:44+00:00\",\"breadcrumb\":{\"@id\":\"https:\/\/madoquasynfuels.com\/pt-pt\/politica-de-privacidade\/#breadcrumb\"},\"inLanguage\":\"pt-PT\",\"potentialAction\":[{\"@type\":\"ReadAction\",\"target\":[\"https:\/\/madoquasynfuels.com\/pt-pt\/politica-de-privacidade\/\"]}]},{\"@type\":\"BreadcrumbList\",\"@id\":\"https:\/\/madoquasynfuels.com\/pt-pt\/politica-de-privacidade\/#breadcrumb\",\"itemListElement\":[{\"@type\":\"ListItem\",\"position\":1,\"name\":\"Home\",\"item\":\"https:\/\/madoquasynfuels.com\/pt-pt\/\"},{\"@type\":\"ListItem\",\"position\":2,\"name\":\"Pol\u00edtica de Privacidade\"}]},{\"@type\":\"WebSite\",\"@id\":\"https:\/\/madoquasynfuels.com\/pt-pt\/#website\",\"url\":\"https:\/\/madoquasynfuels.com\/pt-pt\/\",\"name\":\"Madoqua Synfuels\",\"description\":\"A world-scale renewable methanol project in Portugal\",\"publisher\":{\"@id\":\"https:\/\/madoquasynfuels.com\/pt-pt\/#organization\"},\"potentialAction\":[{\"@type\":\"SearchAction\",\"target\":{\"@type\":\"EntryPoint\",\"urlTemplate\":\"https:\/\/madoquasynfuels.com\/pt-pt\/?s={search_term_string}\"},\"query-input\":\"required name=search_term_string\"}],\"inLanguage\":\"pt-PT\"},{\"@type\":\"Organization\",\"@id\":\"https:\/\/madoquasynfuels.com\/pt-pt\/#organization\",\"name\":\"Madoqua Synfuels\",\"url\":\"https:\/\/madoquasynfuels.com\/pt-pt\/\",\"logo\":{\"@type\":\"ImageObject\",\"inLanguage\":\"pt-PT\",\"@id\":\"https:\/\/madoquasynfuels.com\/pt-pt\/#\/schema\/logo\/image\/\",\"url\":\"https:\/\/madoquasynfuels.com\/wp-content\/uploads\/2023\/11\/MDQ-Synfuels-logo.png\",\"contentUrl\":\"https:\/\/madoquasynfuels.com\/wp-content\/uploads\/2023\/11\/MDQ-Synfuels-logo.png\",\"width\":450,\"height\":140,\"caption\":\"Madoqua Synfuels\"},\"image\":{\"@id\":\"https:\/\/madoquasynfuels.com\/pt-pt\/#\/schema\/logo\/image\/\"}}]}<\/script>\n<!-- \/ Yoast SEO plugin. -->","yoast_head_json":{"title":"Pol\u00edtica de Privacidade - Madoqua Synfuels","robots":{"index":"index","follow":"follow","max-snippet":"max-snippet:-1","max-image-preview":"max-image-preview:large","max-video-preview":"max-video-preview:-1"},"canonical":"https:\/\/madoquasynfuels.com\/pt-pt\/politica-de-privacidade\/","og_locale":"pt_PT","og_type":"article","og_title":"Pol\u00edtica de Privacidade - Madoqua Synfuels","og_description":"Informa\u00e7\u00e3o geral A protec\u00e7\u00e3o dos seus dados \u00e9 muito importante para n\u00f3s. \u00c9 por isso que tratamos os seus dados, que nos envia voluntariamente atrav\u00e9s do nosso formul\u00e1rio de contacto, de forma confidencial. Os seus dados s\u00f3 ser\u00e3o utilizados de acordo com o seu pedido e n\u00e3o ser\u00e3o transmitidos a terceiros. Caso nos solicite informa\u00e7\u00f5es, [&hellip;]","og_url":"https:\/\/madoquasynfuels.com\/pt-pt\/politica-de-privacidade\/","og_site_name":"Madoqua Synfuels","article_modified_time":"2022-06-15T15:03:44+00:00","twitter_card":"summary_large_image","twitter_misc":{"Tempo estimado de leitura":"2 minutos"},"schema":{"@context":"https:\/\/schema.org","@graph":[{"@type":"WebPage","@id":"https:\/\/madoquasynfuels.com\/pt-pt\/politica-de-privacidade\/","url":"https:\/\/madoquasynfuels.com\/pt-pt\/politica-de-privacidade\/","name":"Pol\u00edtica de Privacidade - Madoqua Synfuels","isPartOf":{"@id":"https:\/\/madoquasynfuels.com\/pt-pt\/#website"},"datePublished":"2022-05-04T16:24:39+00:00","dateModified":"2022-06-15T15:03:44+00:00","breadcrumb":{"@id":"https:\/\/madoquasynfuels.com\/pt-pt\/politica-de-privacidade\/#breadcrumb"},"inLanguage":"pt-PT","potentialAction":[{"@type":"ReadAction","target":["https:\/\/madoquasynfuels.com\/pt-pt\/politica-de-privacidade\/"]}]},{"@type":"BreadcrumbList","@id":"https:\/\/madoquasynfuels.com\/pt-pt\/politica-de-privacidade\/#breadcrumb","itemListElement":[{"@type":"ListItem","position":1,"name":"Home","item":"https:\/\/madoquasynfuels.com\/pt-pt\/"},{"@type":"ListItem","position":2,"name":"Pol\u00edtica de Privacidade"}]},{"@type":"WebSite","@id":"https:\/\/madoquasynfuels.com\/pt-pt\/#website","url":"https:\/\/madoquasynfuels.com\/pt-pt\/","name":"Madoqua Synfuels","description":"A world-scale renewable methanol project in Portugal","publisher":{"@id":"https:\/\/madoquasynfuels.com\/pt-pt\/#organization"},"potentialAction":[{"@type":"SearchAction","target":{"@type":"EntryPoint","urlTemplate":"https:\/\/madoquasynfuels.com\/pt-pt\/?s={search_term_string}"},"query-input":"required name=search_term_string"}],"inLanguage":"pt-PT"},{"@type":"Organization","@id":"https:\/\/madoquasynfuels.com\/pt-pt\/#organization","name":"Madoqua Synfuels","url":"https:\/\/madoquasynfuels.com\/pt-pt\/","logo":{"@type":"ImageObject","inLanguage":"pt-PT","@id":"https:\/\/madoquasynfuels.com\/pt-pt\/#\/schema\/logo\/image\/","url":"https:\/\/madoquasynfuels.com\/wp-content\/uploads\/2023\/11\/MDQ-Synfuels-logo.png","contentUrl":"https:\/\/madoquasynfuels.com\/wp-content\/uploads\/2023\/11\/MDQ-Synfuels-logo.png","width":450,"height":140,"caption":"Madoqua Synfuels"},"image":{"@id":"https:\/\/madoquasynfuels.com\/pt-pt\/#\/schema\/logo\/image\/"}}]}},"_links":{"self":[{"href":"https:\/\/madoquasynfuels.com\/pt-pt\/wp-json\/wp\/v2\/pages\/1920","targetHints":{"allow":["GET"]}}],"collection":[{"href":"https:\/\/madoquasynfuels.com\/pt-pt\/wp-json\/wp\/v2\/pages"}],"about":[{"href":"https:\/\/madoquasynfuels.com\/pt-pt\/wp-json\/wp\/v2\/types\/page"}],"author":[{"embeddable":true,"href":"https:\/\/madoquasynfuels.com\/pt-pt\/wp-json\/wp\/v2\/users\/6"}],"replies":[{"embeddable":true,"href":"https:\/\/madoquasynfuels.com\/pt-pt\/wp-json\/wp\/v2\/comments?post=1920"}],"version-history":[{"count":3,"href":"https:\/\/madoquasynfuels.com\/pt-pt\/wp-json\/wp\/v2\/pages\/1920\/revisions"}],"predecessor-version":[{"id":1923,"href":"https:\/\/madoquasynfuels.com\/pt-pt\/wp-json\/wp\/v2\/pages\/1920\/revisions\/1923"}],"wp:attachment":[{"href":"https:\/\/madoquasynfuels.com\/pt-pt\/wp-json\/wp\/v2\/media?parent=1920"}],"curies":[{"name":"wp","href":"https:\/\/api.w.org\/{rel}","templated":true}]}}