{"id":1916,"date":"2022-05-09T14:19:29","date_gmt":"2022-05-09T14:19:29","guid":{"rendered":"https:\/\/madoquapower2x.com\/legal\/"},"modified":"2022-05-24T15:00:37","modified_gmt":"2022-05-24T15:00:37","slug":"legal","status":"publish","type":"page","link":"https:\/\/madoquasynfuels.com\/pt-pt\/legal\/","title":{"rendered":"Legal"},"content":{"rendered":"\n<h2 class=\"wp-block-heading\">Propriet\u00e1rio do Website<\/h2>\n\n<p>Madoqua Renewables Holding Lda.<br\/>Edif\u00edcio ZILS Zona Industrial e Log\u00edstica de Sines Monte Feio<br\/>7520 \u2013 064 Sines, Alentejo, Portugal<\/p>\n\n<p>E-Mail: <a href=\"mailto:info@madoquaventures.com\">info@madoquaventures.com<\/a><\/p>\n\n<h2 class=\"wp-block-heading\">Web Development<\/h2>\n\n<p>Este website foi criado por <strong><a href=\"https:\/\/webfarus.com\/\" data-type=\"URL\" data-id=\"https:\/\/webfarus.com\/\" target=\"_blank\" rel=\"noreferrer noopener\">Webfarus Digital Marketing.<\/a><\/strong><br\/><\/p>\n\n<h2 class=\"wp-block-heading\"><strong>Copyright<\/strong><\/h2>\n\n<p>O conte\u00fado deste website est\u00e1 sujeito aos direitos de autor da Madoqua Renewables Holding Lda.<\/p>\n","protected":false},"excerpt":{"rendered":"<p>Propriet\u00e1rio do Website Madoqua Renewables Holding Lda.Edif\u00edcio ZILS Zona Industrial e Log\u00edstica de Sines Monte Feio7520 \u2013 064 Sines, Alentejo, Portugal E-Mail: info@madoquaventures.com Web Development Este website foi criado por Webfarus Digital Marketing. Copyright O conte\u00fado deste website est\u00e1 sujeito aos direitos de autor da Madoqua Renewables Holding Lda.<\/p>\n","protected":false},"author":6,"featured_media":0,"parent":0,"menu_order":0,"comment_status":"closed","ping_status":"closed","template":"","meta":{"site-sidebar-layout":"default","site-content-layout":"","ast-site-content-layout":"","site-content-style":"default","site-sidebar-style":"default","ast-global-header-display":"","ast-banner-title-visibility":"","ast-main-header-display":"","ast-hfb-above-header-display":"","ast-hfb-below-header-display":"","ast-hfb-mobile-header-display":"","site-post-title":"","ast-breadcrumbs-content":"","ast-featured-img":"","footer-sml-layout":"","theme-transparent-header-meta":"","adv-header-id-meta":"","stick-header-meta":"","header-above-stick-meta":"","header-main-stick-meta":"","header-below-stick-meta":"","astra-migrate-meta-layouts":"default","ast-page-background-enabled":"default","ast-page-background-meta":{"desktop":{"background-color":"","background-image":"","background-repeat":"repeat","background-position":"center center","background-size":"auto","background-attachment":"scroll","background-type":"","background-media":"","overlay-type":"","overlay-color":"","overlay-gradient":""},"tablet":{"background-color":"","background-image":"","background-repeat":"repeat","background-position":"center center","background-size":"auto","background-attachment":"scroll","background-type":"","background-media":"","overlay-type":"","overlay-color":"","overlay-gradient":""},"mobile":{"background-color":"","background-image":"","background-repeat":"repeat","background-position":"center center","background-size":"auto","background-attachment":"scroll","background-type":"","background-media":"","overlay-type":"","overlay-color":"","overlay-gradient":""}},"ast-content-background-meta":{"desktop":{"background-color":"var(--ast-global-color-5)","background-image":"","background-repeat":"repeat","background-position":"center center","background-size":"auto","background-attachment":"scroll","background-type":"","background-media":"","overlay-type":"","overlay-color":"","overlay-gradient":""},"tablet":{"background-color":"var(--ast-global-color-5)","background-image":"","background-repeat":"repeat","background-position":"center center","background-size":"auto","background-attachment":"scroll","background-type":"","background-media":"","overlay-type":"","overlay-color":"","overlay-gradient":""},"mobile":{"background-color":"var(--ast-global-color-5)","background-image":"","background-repeat":"repeat","background-position":"center center","background-size":"auto","background-attachment":"scroll","background-type":"","background-media":"","overlay-type":"","overlay-color":"","overlay-gradient":""}},"footnotes":""},"class_list":["post-1916","page","type-page","status-publish","hentry"],"yoast_head":"<!-- This site is optimized with the Yoast SEO plugin v22.7 - https:\/\/yoast.com\/wordpress\/plugins\/seo\/ -->\n<title>Legal - Madoqua Synfuels<\/title>\n<meta name=\"robots\" content=\"index, follow, max-snippet:-1, max-image-preview:large, max-video-preview:-1\" \/>\n<link rel=\"canonical\" href=\"https:\/\/madoquasynfuels.com\/pt-pt\/legal\/\" \/>\n<meta property=\"og:locale\" content=\"pt_PT\" \/>\n<meta property=\"og:type\" content=\"article\" \/>\n<meta property=\"og:title\" content=\"Legal - Madoqua Synfuels\" \/>\n<meta property=\"og:description\" content=\"Propriet\u00e1rio do Website Madoqua Renewables Holding Lda.Edif\u00edcio ZILS Zona Industrial e Log\u00edstica de Sines Monte Feio7520 \u2013 064 Sines, Alentejo, Portugal E-Mail: info@madoquaventures.com Web Development Este website foi criado por Webfarus Digital Marketing. Copyright O conte\u00fado deste website est\u00e1 sujeito aos direitos de autor da Madoqua Renewables Holding Lda.\" \/>\n<meta property=\"og:url\" content=\"https:\/\/madoquasynfuels.com\/pt-pt\/legal\/\" \/>\n<meta property=\"og:site_name\" content=\"Madoqua Synfuels\" \/>\n<meta property=\"article:modified_time\" content=\"2022-05-24T15:00:37+00:00\" \/>\n<meta name=\"twitter:card\" content=\"summary_large_image\" \/>\n<script type=\"application\/ld+json\" class=\"yoast-schema-graph\">{\"@context\":\"https:\/\/schema.org\",\"@graph\":[{\"@type\":\"WebPage\",\"@id\":\"https:\/\/madoquasynfuels.com\/pt-pt\/legal\/\",\"url\":\"https:\/\/madoquasynfuels.com\/pt-pt\/legal\/\",\"name\":\"Legal - Madoqua Synfuels\",\"isPartOf\":{\"@id\":\"https:\/\/madoquasynfuels.com\/pt-pt\/#website\"},\"datePublished\":\"2022-05-09T14:19:29+00:00\",\"dateModified\":\"2022-05-24T15:00:37+00:00\",\"breadcrumb\":{\"@id\":\"https:\/\/madoquasynfuels.com\/pt-pt\/legal\/#breadcrumb\"},\"inLanguage\":\"pt-PT\",\"potentialAction\":[{\"@type\":\"ReadAction\",\"target\":[\"https:\/\/madoquasynfuels.com\/pt-pt\/legal\/\"]}]},{\"@type\":\"BreadcrumbList\",\"@id\":\"https:\/\/madoquasynfuels.com\/pt-pt\/legal\/#breadcrumb\",\"itemListElement\":[{\"@type\":\"ListItem\",\"position\":1,\"name\":\"Home\",\"item\":\"https:\/\/madoquasynfuels.com\/pt-pt\/\"},{\"@type\":\"ListItem\",\"position\":2,\"name\":\"Legal\"}]},{\"@type\":\"WebSite\",\"@id\":\"https:\/\/madoquasynfuels.com\/pt-pt\/#website\",\"url\":\"https:\/\/madoquasynfuels.com\/pt-pt\/\",\"name\":\"Madoqua Synfuels\",\"description\":\"A world-scale renewable methanol project in Portugal\",\"publisher\":{\"@id\":\"https:\/\/madoquasynfuels.com\/pt-pt\/#organization\"},\"potentialAction\":[{\"@type\":\"SearchAction\",\"target\":{\"@type\":\"EntryPoint\",\"urlTemplate\":\"https:\/\/madoquasynfuels.com\/pt-pt\/?s={search_term_string}\"},\"query-input\":\"required name=search_term_string\"}],\"inLanguage\":\"pt-PT\"},{\"@type\":\"Organization\",\"@id\":\"https:\/\/madoquasynfuels.com\/pt-pt\/#organization\",\"name\":\"Madoqua Synfuels\",\"url\":\"https:\/\/madoquasynfuels.com\/pt-pt\/\",\"logo\":{\"@type\":\"ImageObject\",\"inLanguage\":\"pt-PT\",\"@id\":\"https:\/\/madoquasynfuels.com\/pt-pt\/#\/schema\/logo\/image\/\",\"url\":\"https:\/\/madoquasynfuels.com\/wp-content\/uploads\/2023\/11\/MDQ-Synfuels-logo.png\",\"contentUrl\":\"https:\/\/madoquasynfuels.com\/wp-content\/uploads\/2023\/11\/MDQ-Synfuels-logo.png\",\"width\":450,\"height\":140,\"caption\":\"Madoqua Synfuels\"},\"image\":{\"@id\":\"https:\/\/madoquasynfuels.com\/pt-pt\/#\/schema\/logo\/image\/\"}}]}<\/script>\n<!-- \/ Yoast SEO plugin. -->","yoast_head_json":{"title":"Legal - Madoqua Synfuels","robots":{"index":"index","follow":"follow","max-snippet":"max-snippet:-1","max-image-preview":"max-image-preview:large","max-video-preview":"max-video-preview:-1"},"canonical":"https:\/\/madoquasynfuels.com\/pt-pt\/legal\/","og_locale":"pt_PT","og_type":"article","og_title":"Legal - Madoqua Synfuels","og_description":"Propriet\u00e1rio do Website Madoqua Renewables Holding Lda.Edif\u00edcio ZILS Zona Industrial e Log\u00edstica de Sines Monte Feio7520 \u2013 064 Sines, Alentejo, Portugal E-Mail: info@madoquaventures.com Web Development Este website foi criado por Webfarus Digital Marketing. Copyright O conte\u00fado deste website est\u00e1 sujeito aos direitos de autor da Madoqua Renewables Holding Lda.","og_url":"https:\/\/madoquasynfuels.com\/pt-pt\/legal\/","og_site_name":"Madoqua Synfuels","article_modified_time":"2022-05-24T15:00:37+00:00","twitter_card":"summary_large_image","schema":{"@context":"https:\/\/schema.org","@graph":[{"@type":"WebPage","@id":"https:\/\/madoquasynfuels.com\/pt-pt\/legal\/","url":"https:\/\/madoquasynfuels.com\/pt-pt\/legal\/","name":"Legal - Madoqua Synfuels","isPartOf":{"@id":"https:\/\/madoquasynfuels.com\/pt-pt\/#website"},"datePublished":"2022-05-09T14:19:29+00:00","dateModified":"2022-05-24T15:00:37+00:00","breadcrumb":{"@id":"https:\/\/madoquasynfuels.com\/pt-pt\/legal\/#breadcrumb"},"inLanguage":"pt-PT","potentialAction":[{"@type":"ReadAction","target":["https:\/\/madoquasynfuels.com\/pt-pt\/legal\/"]}]},{"@type":"BreadcrumbList","@id":"https:\/\/madoquasynfuels.com\/pt-pt\/legal\/#breadcrumb","itemListElement":[{"@type":"ListItem","position":1,"name":"Home","item":"https:\/\/madoquasynfuels.com\/pt-pt\/"},{"@type":"ListItem","position":2,"name":"Legal"}]},{"@type":"WebSite","@id":"https:\/\/madoquasynfuels.com\/pt-pt\/#website","url":"https:\/\/madoquasynfuels.com\/pt-pt\/","name":"Madoqua Synfuels","description":"A world-scale renewable methanol project in Portugal","publisher":{"@id":"https:\/\/madoquasynfuels.com\/pt-pt\/#organization"},"potentialAction":[{"@type":"SearchAction","target":{"@type":"EntryPoint","urlTemplate":"https:\/\/madoquasynfuels.com\/pt-pt\/?s={search_term_string}"},"query-input":"required name=search_term_string"}],"inLanguage":"pt-PT"},{"@type":"Organization","@id":"https:\/\/madoquasynfuels.com\/pt-pt\/#organization","name":"Madoqua Synfuels","url":"https:\/\/madoquasynfuels.com\/pt-pt\/","logo":{"@type":"ImageObject","inLanguage":"pt-PT","@id":"https:\/\/madoquasynfuels.com\/pt-pt\/#\/schema\/logo\/image\/","url":"https:\/\/madoquasynfuels.com\/wp-content\/uploads\/2023\/11\/MDQ-Synfuels-logo.png","contentUrl":"https:\/\/madoquasynfuels.com\/wp-content\/uploads\/2023\/11\/MDQ-Synfuels-logo.png","width":450,"height":140,"caption":"Madoqua Synfuels"},"image":{"@id":"https:\/\/madoquasynfuels.com\/pt-pt\/#\/schema\/logo\/image\/"}}]}},"_links":{"self":[{"href":"https:\/\/madoquasynfuels.com\/pt-pt\/wp-json\/wp\/v2\/pages\/1916","targetHints":{"allow":["GET"]}}],"collection":[{"href":"https:\/\/madoquasynfuels.com\/pt-pt\/wp-json\/wp\/v2\/pages"}],"about":[{"href":"https:\/\/madoquasynfuels.com\/pt-pt\/wp-json\/wp\/v2\/types\/page"}],"author":[{"embeddable":true,"href":"https:\/\/madoquasynfuels.com\/pt-pt\/wp-json\/wp\/v2\/users\/6"}],"replies":[{"embeddable":true,"href":"https:\/\/madoquasynfuels.com\/pt-pt\/wp-json\/wp\/v2\/comments?post=1916"}],"version-history":[{"count":3,"href":"https:\/\/madoquasynfuels.com\/pt-pt\/wp-json\/wp\/v2\/pages\/1916\/revisions"}],"predecessor-version":[{"id":1919,"href":"https:\/\/madoquasynfuels.com\/pt-pt\/wp-json\/wp\/v2\/pages\/1916\/revisions\/1919"}],"wp:attachment":[{"href":"https:\/\/madoquasynfuels.com\/pt-pt\/wp-json\/wp\/v2\/media?parent=1916"}],"curies":[{"name":"wp","href":"https:\/\/api.w.org\/{rel}","templated":true}]}}